{"id":141,"date":"2012-03-13T11:49:11","date_gmt":"2012-03-13T10:49:11","guid":{"rendered":"http:\/\/jj-media.de\/schremmer\/?page_id=141"},"modified":"2026-01-16T13:17:37","modified_gmt":"2026-01-16T12:17:37","slug":"hot-stone-massage","status":"publish","type":"page","link":"http:\/\/schremmers-wellness-insel.de\/?page_id=141","title":{"rendered":"Die Welt der Wellness Massagen"},"content":{"rendered":"<p>Diese Kurse er\u00f6ffnen Ihnen die M\u00f6glichkeit verschiedene Anwendungen aus dem Spa- und Wellness-Bereich in Verbindung mit therapeutischem Wissen kennen zu lernen.<\/p>\n<p>Die Massage Seminare beinhalten spezielle Techniken, Elemente der Anatomie und Krankheitslehre, diese flie\u00dfen in die Behandlungsabfolgen mit ein.<\/p>\n<p>Alle Anwendungen dienen der Entspannung und der Verbesserung des Wohlbefindens. Heilpraktiker\/in, Physiotherapeut\/in und Masseur med. Bademeister\/in k\u00f6nnen diese verschiedenen Methoden auch therapeutisch nutzen, um Beschwerden der Muskulatur zu beheben.<\/p>\n<p><strong>Seminarinhalte:<\/strong><\/p>\n<ul>\n<li>Theorie Massage<\/li>\n<li>Indikation\/Kontraindikationen<\/li>\n<li>Massagetechnik<\/li>\n<li>evtl. Ablauf\u00a0Teilk\u00f6rper-Massage<\/li>\n<li>evtl. Ablauf Ganzk\u00f6rper-Massage<\/li>\n<li>Techn. Equipment<\/li>\n<li>Marketing<\/li>\n<\/ul>\n<p><strong>Verschiedene Massage M\u00f6glichkeiten:<\/strong><\/p>\n<ul>\n<li><span style=\"color: #ff0000;\"><strong>Ayurveda Abyanga <\/strong><\/span><\/li>\n<li>Sie lernen Sie die Welt des Ayurveda kennen.<br \/>\nBei der Ayurveda Massage wird mit viel \u00d6l gearbeitet. In diesem Seminar wird die Abyanga \u2013 die Ganzk\u00f6rpermassage gelehrt. Ayurveda ist im Wellnessbereich nicht mehr wegzudenken. Immer mehr Kund\/inn\/en g\u00f6nnen sich diese au\u00dfergew\u00f6hnliche Massage. Sie \u00fcben Schritt f\u00fcr Schritt in Zweiergruppen, so dass Sie in der Lage sind, eine ca. 60-min\u00fctige Massage durchzuf\u00fchren.<\/li>\n<li><strong><span style=\"color: #ff0000;\">Garshan &#8211; Seidenhandschuhmassage <\/span><\/strong><\/li>\n<li>Die Seidenhandschuhmassage ist eine Trockenmassage aus dem Ayurveda.<\/li>\n<li><strong><span style=\"color: #ff0000;\">Bambusmassage<\/span><\/strong><\/li>\n<li>Mit unterschiedlichen Bambusst\u00e4ben rollt und klopft der Masseur mal fester mal sanfter \u00fcber den K\u00f6rper und l\u00f6st dabei Verspannungen. Diese fern\u00f6stliche Behandlung vermittelt ein herrliches Gef\u00fchl von Leichtigkeit und befreit von allt\u00e4glichem Stress.<\/li>\n<li><strong><span style=\"color: #ff0000;\">Wambo Mambo Massage <\/span><\/strong><\/li>\n<li><span style=\"color: #ff0000;\"><span style=\"color: #000000;\">die Wambo-Mambo Massage wurde uns von den Aborigines, den Ureinwohnern Australiens, \u00fcberliefert. Bei dieser Massage wird mit 3 Bambusrollen massiert.<\/span><\/span><\/li>\n<li><span style=\"color: #ff0000;\"><strong>Kosmetische Lymphdrainage <\/strong><\/span><\/li>\n<li><span style=\"color: #ff0000;\"><span style=\"color: #000000;\">Das Lymphsystem bildet ein eigenst\u00e4ndiges System innerhalb des K\u00f6rpers. Die Lymphgef\u00e4\u00dfe entspringen willk\u00fcrlich zwischen Haut und Muskulatur und m\u00fcnden in das ven\u00f6se System. Die Lymphgef\u00e4\u00dfe transportieren Lymphe, welche eine klare bis gelblich aussehende Fl\u00fcssigkeit ist. Sie transportiert Schlackenstoffe ab und dient der St\u00e4rkung &amp; Reinigung des Immunsystems. Durch sanfte Lymphgriffe kann der Lymphfluss angeregt werden. Zudem bewirken diese sanften rhythmischen Techniken ein starkes Entspannungsgef\u00fchl.<\/span><\/span><\/li>\n<li><strong><span style=\"color: #ff0000;\">Lomi Lomi Nui Massage <\/span><\/strong><\/li>\n<li><span style=\"color: #ff0000;\"><span style=\"color: #000000;\">&gt;&gt; Die K\u00f6nigin der Wellness Massagen &lt;&lt;<\/span><\/span><span style=\"color: #ff0000;\"><br \/>\n<span style=\"color: #000000;\">Lomi bedeutet \u201edr\u00fccken, kneten &amp; reiben\u201c, aber auch \u201c mit den samtenen Pfoten einer zufriedenen Katze ber\u00fchren\u201c<\/span><br \/>\n<span style=\"color: #000000;\">und bezeichnet eine Art der Massage, die jenes totales Wohlbefinden vermittelt.<\/span><\/span><\/li>\n<li><span style=\"color: #ff0000;\"><b>Tibetische Massage<\/b> <\/span><\/li>\n<li><span style=\"color: #ff0000;\"><span style=\"color: #b00000;\"><span style=\"color: #000000;\">Die Tibetische Massage ist eine sanfte R\u00fcckenmassage. Sie basiert auf dem Jahrtausende alten Wissen um das Zusammenspiel der k\u00f6rperlichen und feinstofflichen Energiekan\u00e4len. Durch den angeregten Energiefluss werden Selbstheilungsprozesse aktiviert, die gestaute Lebenskraft kann wieder zum Flie\u00dfen kommen und die Entgiftung wird angeregt. Die Tibetische Energiemassage ist eine der sanftesten Methoden, um Stress abzubauen.<\/span><\/span><\/span><\/li>\n<li><strong><span style=\"color: #ff0000;\">Hot Stone Massage<\/span><\/strong><\/li>\n<li>Die Hot Stone-Massage beinhaltet die gezielte Auflage und spezielle Massagetechnik mit den Steinen. Elemente aus W\u00e4rme und der klassischen Massage flie\u00dfen in die Behandlungsabfolgen ein. Die sehr beliebte Anwendung dient der Entspannung und der Verbesserung des Wohlbefindens und kann auch therapeutisch genutzt werden, um Beschwerden der Muskulatur zu beheben.<\/li>\n<li><strong><span style=\"color: #ff0000;\">Kr\u00e4uterstempelmassage<\/span><\/strong><\/li>\n<li>Die Kr\u00e4uterstempelmassage ist in asiatischen Gebieten eine traditionelle thermische Behandlungsform. Durch eine bestimmte Massagetechnik wird eine innere und \u00e4u\u00dfere Harmonie im K\u00f6rper erreicht.<br \/>\nDer ganze K\u00f6rper wird mit speziellen, vorgew\u00e4rmten Stempels\u00e4ckchen massiert. Bei dieser Massage werden Kr\u00e4uter, Gew\u00fcrze und Pflegewirkstoffe individuell zusammengestellt, in ein faustgro\u00dfes Baumwolls\u00e4ckchen gef\u00fcllt und in einem Basis\u00f6l auf eine Temperatur zwischen 65 \u2013 80\u00b0 erhitzt. Zu Beginn der Anwendung wird der K\u00f6rper mit zwei Kr\u00e4uterstempeln abgeklopft, d.h. kurze thermische Reize gesetzt, gefolgt von kurzen, schnellen Streichbewegungen. Hat der Stempel eine hautfreundlich warme Temperatur erreicht, wird entlang der Energiebahnen sanft kreisend der ganze K\u00f6rper massiert. Besonders an verspannten Stellen nimmt man die W\u00e4rme als Wohltat wahr. Durch die Entfaltung der Kr\u00e4uterwirkstoffe werden die Selbstheilungskr\u00e4fte aktiviert.<br \/>\nEs beginnt ein Entschlackungsprozess. Die Durchblutung wird angekurbelt und es kommt zu einem Repair \u2013 Mechanismus der Haut. Gleichzeitig werden die Feuchtigkeitsdepots der Haut aufgef\u00fcllt. Wohlig warme Exotische D\u00fcfte umschmeicheln Sie, die Behandlung wirkt absolut entspannend.<\/li>\n<li><strong><span style=\"color: #ff0000;\">Mali Baha Massage<\/span><\/strong><\/li>\n<li>African Mali Baha bedeutet \u201ebrillanter Reichtum Afrikas\u201c und erinnert an die Sch\u00f6nheit und den Reichtum dieses Kontinentes. In speziellen Ritualen kann nach ihrem Glauben der Mensch von sch\u00e4dlichen Energien und anderen Einfl\u00fcssen gereinigt werden und so zu neuer Kraft und Gesundheit gelangen. Die Mali Baha Massage nimmt diesen Glauben auf und f\u00fchrt ein Reinigungsritual durch, dadurch erfolgt eine sehr tiefe Entspannung. Dies wird unterst\u00fctzt durch mehrere Massagehelfer aus Holz.<\/li>\n<li><strong><span style=\"color: #ff0000;\">Stuhlmassage mobile Massage<\/span><\/strong><\/li>\n<li>Du m\u00f6chtest Dich ohne viel Unkosten Selbst\u00e4ndig machen. Hier hast Du die M\u00f6glichkeit eine Stuhlmassage zu erlernen und du kannst viele Firmen besuchen oder auch Mobile Massage bei privaten Kunden massieren.<\/li>\n<li><strong><span style=\"color: #ff0000;\">Indian Head Massage<\/span><\/strong><\/li>\n<li>Bei der Indischen Kopfmassage geht es um Ruhe und Wohlbefinden. Sie ist ca. 3000 Jahre alt. Hier wird nicht nur der Kopf, sondern auch Gesicht, die Schultern und den oberen R\u00fccken inkl. Oberarme massiert.<\/li>\n<li><strong><span style=\"color: #ff0000;\">Kalifornische Massage<\/span><\/strong><\/li>\n<li>Die Kalifornische Massage ist eine streichende Massageform, wodurch es auch zur Aussch\u00fcttung des Antistresshormons Oxytocin kommt. Hierbei handelt es sich nicht nur um eine Wellnessmassage, sondern sie hat auch eine medizinische Wirkung, die zur Behandlungen von Depression, Angst und Burnout eingesetzt werden kann. Auch als Wellnessmassage m\u00f6glich.<\/li>\n<li><strong><span style=\"color: #ff0000;\">Gold\u00f6lmassage<\/span><\/strong><\/li>\n<li>Bei dieser Massage wird mit einem hochwertigen Massage\u00f6l mit 24 Karat an Gold massiert. Der neue Beauty Trend.<\/li>\n<li><strong><span style=\"color: #ff0000;\">Choocoa Massage<\/span><\/strong><\/li>\n<li>Unbedingt probieren sollten alle Schoko-Fans die neue \u201eChoocoa \u2013 Massage\u201c. Die Energetisch-Tiefenentspannungs-Massage beginnt mit einem auf K\u00f6rpertemperatur erw\u00e4rmten Gemisch aus Kakao und Mandel\u00f6l, welches \u00fcber den K\u00f6rper gegossen bzw. mit einen Pinsel gut verteilt wird und mit leichter Massagebewegung stimuliert und die Inhaltsstoffe dieses hochwertigen, pflegenden Elixiers entfalten somit ihre volle Wirkung. Diese Harmonie-Behandlung stimuliert K\u00f6rper und Seele und das Geschmackserlebnis wirkt harmonisierend auf die Sinne.<\/li>\n<li><strong><span style=\"color: #ff0000;\">Wellness Ohrkerzen<\/span><\/strong><\/li>\n<li>Ein Erlebnis welches man sich nicht entgehen lassen sollte. Zur Reinigung und Vorsorge.<\/li>\n<li><strong><span style=\"color: #ff0000;\">Honigmassage<\/span><\/strong><\/li>\n<li>Die Honigmassage hat ihre Wurzeln in Tibet und Russland. Sie ist auch als Zupfmassage bekannt. Wir haben 3 versch. M\u00f6glichkeiten den Honig einzusetzen, medizinisch f\u00fcr die Heilpraktiker oder auch 2 Versionen im Wellness Bereich. Die spezielle Massagetechnik liegt insbesondere darin, den Umgang mit den Honig zu erlernen und professionell einzusetzen.<br \/>\nHinweis: Diese Fortbildung richtet sich an alle Interessierten. Sie m\u00fcssen nicht Heilpraktiker\/in sein!<\/li>\n<li><strong><span style=\"color: #ff0000;\">Klosterb\u00fcrstenmassage<\/span><\/strong><\/li>\n<li>Ein uraltes Mittel zur Erzeugung von negativen Klein-Ionen direkt auf der Haut. Die sogenannten Klosterb\u00fcrsten, welche Aufgrund der molekularen Struktur des sehr feinen Bronzedrahtes (eine Kupfer- Zinn- Legierung) erzeugt wird. Die Massage regt au\u00dferdem das Immunsystem an und wirkt durch ihren durchblutungsf\u00f6rdernden Effekt unterst\u00fctzend bei der Regulierung von Kreislauf und Blutdruck.<\/li>\n<li><strong><span style=\"color: #ff0000;\">Polynesische Muschelmassage<\/span><\/strong><\/li>\n<li>Nach einer alten hawaiianischen Legende bek\u00e4mpften sich die Feuerg\u00f6ttin Pele und ihre Schwester, die Meeresg\u00f6ttin Namaka. Diese Sage ist Vorbild f\u00fcr die Polynesische Muschelmassage. Diese Massage vereint die Polynesier den Kontrast von Feuer und Wasser. In dieser Massage gibt\u2019s ein unvergleichbares Erlebnis zwischen k\u00fchlen Muscheln und hei\u00dfe Lavasteine.<\/li>\n<li><strong><span style=\"color: #ff0000;\">Hot Shell Massage<\/span><\/strong><\/li>\n<li>In der Muschelmassage wird mit handgro\u00dfen Muscheln gearbeitet die sich erw\u00e4rmen. Sie wirken mit dieser W\u00e4rme wohltuend und gezielt auf verspannte Muskeln und Gelenke. Mit der speziellen Massagetechnik des Masseurs und der angenehmen Ber\u00fchrung durch die Muscheln werden Verspannungen auf sanfte Art und Weise gel\u00f6st und K\u00f6rper und Seele in Einklang gebracht.<\/li>\n<li><strong><span style=\"color: #ff0000;\">Balinesische Massage<\/span><\/strong><\/li>\n<li>Bali, die Insel der G\u00f6tter und D\u00e4monen, ist zweifellos ein spiritueller Platz, und neben den Orten des Massentourismus gibt es verschwiegene Pl\u00e4tze, wie geschaffen f\u00fcr Meditation und spirituelle Techniken. \u201eBalian\u201c ist der Indonesische Ausdruck f\u00fcr Heiler.<br \/>\nDie Balinesische Massage setzt sich aus vielen Massagetechniken zusammen. Meistens wird im Meridiane Verlauf massiert. Meridiane sind Energieleitbahnen.<br \/>\nAllein auf Bali gibt es viele versch. Massagetechniken. Es handelt sich um eine Massage mit uralten Traditionen. Die Massage soll dem Kunden Entspannung, Ausgeglichenheit und innere Harmonie bringen.<\/li>\n<\/ul>\n<blockquote><p>Hinweise:<br \/>\nAlle Seminare Inkl. Skript &amp; Zertifikat<\/p>\n<p>Kosten: \u20ac 350,-<\/p>\n<p>Manche auch als Online Seminar m\u00f6glich.<br \/>\nSchulungsort:\u00a0Soester Str. 3 in 59469 Ense<\/p><\/blockquote>\n<p><strong>Termine:\u00a0 Entweder unter dem Link, falls dort kein Termin steht, kannst Du mit mir einen Termin ausmachen.\u00a0 Termine bitte \u00fcber WhattsApp,\u00a0 SMS oder E-Mail.<\/strong><\/p>\n<p><strong><span style=\"color: #ff0000;\">sieveringensven(at)web.de oder Tel. 015753064684<\/span><\/strong><\/p>\n<p><a href=\"http:\/\/schremmers-wellness-insel.de\/?page_id=866\" target=\"_blank\" rel=\"nofollow noopener noreferrer\">http:\/\/schremmers-wellness-insel.de\/?page_id=866<\/a><\/p>\n","protected":false},"excerpt":{"rendered":"<p>Diese Kurse er\u00f6ffnen Ihnen die M\u00f6glichkeit verschiedene Anwendungen aus dem Spa- und Wellness-Bereich in Verbindung mit therapeutischem Wissen kennen zu lernen. Die Massage Seminare beinhalten spezielle Techniken, Elemente der Anatomie und Krankheitslehre, diese flie\u00dfen in die Behandlungsabfolgen mit ein. Alle Anwendungen dienen der Entspannung und der Verbesserung des Wohlbefindens. Heilpraktiker\/in, Physiotherapeut\/in und Masseur med. Bademeister\/in&hellip;<\/p>\n","protected":false},"author":1,"featured_media":0,"parent":46,"menu_order":0,"comment_status":"open","ping_status":"open","template":"","meta":[],"_links":{"self":[{"href":"http:\/\/schremmers-wellness-insel.de\/index.php?rest_route=\/wp\/v2\/pages\/141"}],"collection":[{"href":"http:\/\/schremmers-wellness-insel.de\/index.php?rest_route=\/wp\/v2\/pages"}],"about":[{"href":"http:\/\/schremmers-wellness-insel.de\/index.php?rest_route=\/wp\/v2\/types\/page"}],"author":[{"embeddable":true,"href":"http:\/\/schremmers-wellness-insel.de\/index.php?rest_route=\/wp\/v2\/users\/1"}],"replies":[{"embeddable":true,"href":"http:\/\/schremmers-wellness-insel.de\/index.php?rest_route=%2Fwp%2Fv2%2Fcomments&post=141"}],"version-history":[{"count":24,"href":"http:\/\/schremmers-wellness-insel.de\/index.php?rest_route=\/wp\/v2\/pages\/141\/revisions"}],"predecessor-version":[{"id":2199,"href":"http:\/\/schremmers-wellness-insel.de\/index.php?rest_route=\/wp\/v2\/pages\/141\/revisions\/2199"}],"up":[{"embeddable":true,"href":"http:\/\/schremmers-wellness-insel.de\/index.php?rest_route=\/wp\/v2\/pages\/46"}],"wp:attachment":[{"href":"http:\/\/schremmers-wellness-insel.de\/index.php?rest_route=%2Fwp%2Fv2%2Fmedia&parent=141"}],"curies":[{"name":"wp","href":"https:\/\/api.w.org\/{rel}","templated":true}]}}