{"id":45,"date":"2012-01-25T14:18:35","date_gmt":"2012-01-25T14:18:35","guid":{"rendered":"http:\/\/jj-media.de\/schremmer\/?page_id=2"},"modified":"2026-01-16T14:15:08","modified_gmt":"2026-01-16T13:15:08","slug":"koerper","status":"publish","type":"page","link":"http:\/\/schremmers-wellness-insel.de\/?page_id=45","title":{"rendered":"Massage"},"content":{"rendered":"<p><strong>Hier finden Sie unser breites Spektrum an Massagen, f\u00fcr ganzheitliche, k\u00f6rperliche Entspannung und Stressabbau vom Alltag. Preise f\u00fcr Selbstzahler, Privatrezepte Preise bitte unter Massage Praxis.\u00a0<\/strong><\/p>\n<h1><\/h1>\n<table border=\"1\" width=\"568\" cellspacing=\"1\" cellpadding=\"1\" align=\"center\">\n<colgroup>\n<col width=\"300\" \/>\n<col span=\"2\" width=\"21\" \/>\n<col width=\"119\" \/>\n<col width=\"21\" \/> <\/colgroup>\n<tbody>\n<tr>\n<td width=\"255\" height=\"24\">Massage Art<\/td>\n<td align=\"right\" width=\"52\">Zeit in Minuten<\/td>\n<td align=\"right\" width=\"55\">Preis in Euro<\/td>\n<td width=\"119\">Extra<\/td>\n<td align=\"right\" width=\"87\">Gesamtpreis in Euro<\/td>\n<\/tr>\n<tr>\n<td width=\"255\" height=\"24\">*Wellness Massagen<\/td>\n<td align=\"right\" width=\"52\">60<\/td>\n<td align=\"right\" width=\"55\">75,-<\/td>\n<td width=\"119\"><\/td>\n<td align=\"right\" width=\"87\"><\/td>\n<\/tr>\n<tr>\n<td height=\"24\">Klassische Massage<\/td>\n<td align=\"right\">20<\/td>\n<td align=\"right\">25,-<\/td>\n<td>\u00a060 min.<\/td>\n<td>\u00a0 \u00a0 \u00a0 \u00a0 \u00a0 \u00a0 \u00a0 \u00a0 75,-<\/td>\n<\/tr>\n<tr>\n<td height=\"24\">Lomi Lomi Nui<\/td>\n<td align=\"right\">60<\/td>\n<td align=\"right\">75,-<\/td>\n<td>\u00a090 min.<\/td>\n<td>\u00a0\u00a0\u00a0\u00a0\u00a0\u00a0\u00a0\u00a0\u00a0\u00a0\u00a0\u00a0\u00a0\u00a0\u00a0\u00a090,-<\/td>\n<\/tr>\n<tr>\n<td height=\"24\">Lymphdrainage<\/td>\n<td align=\"right\">45<\/td>\n<td align=\"right\">55,-<\/td>\n<td>\u00a060 min.<\/td>\n<td>\u00a0 \u00a0 \u00a0 \u00a0 \u00a0 \u00a0 \u00a0 \u00a0 75,-<\/td>\n<\/tr>\n<tr>\n<td height=\"24\">Fu\u00dfreflexzonenmassage<\/td>\n<td align=\"right\">40<\/td>\n<td align=\"right\">55,-<\/td>\n<td><\/td>\n<td><\/td>\n<\/tr>\n<tr>\n<td height=\"24\">Faszien Behandlung\/Massage<\/td>\n<td align=\"right\">60<\/td>\n<td align=\"right\">120,-<\/td>\n<td><\/td>\n<td><\/td>\n<\/tr>\n<tr>\n<td height=\"24\">Coaching Einzel<\/td>\n<td align=\"right\">60<\/td>\n<td align=\"right\">60,-<\/td>\n<td><\/td>\n<td align=\"right\"><\/td>\n<\/tr>\n<tr>\n<td height=\"24\">Wellness &#8211; Ohrkerzen<\/td>\n<td align=\"right\"><\/td>\n<td align=\"right\">25,-<\/td>\n<td><\/td>\n<td><\/td>\n<\/tr>\n<tr>\n<td height=\"24\">Hypnose Gruppe (Raucher\/Gewicht)<\/td>\n<td align=\"right\"><\/td>\n<td align=\"right\">120,-<\/td>\n<td>\u00a0Einzelsitzung<\/td>\n<td>\u00a0\u00a0\u00a0\u00a0\u00a0\u00a0\u00a0\u00a0\u00a0\u00a0\u00a0\u00a0\u00a0\u00a0250,-<\/td>\n<\/tr>\n<tr>\n<td height=\"24\">R\u00fcckf\u00fchrung (Gruppe)<\/td>\n<td align=\"right\"><\/td>\n<td align=\"right\">80,-<\/td>\n<td>\u00a0Einzelsitzung<\/td>\n<td>\u00a0pro.a. St. 60,-<\/td>\n<\/tr>\n<tr>\n<td height=\"24\">Meditativ Massage<\/td>\n<td align=\"right\">60<\/td>\n<td align=\"right\">80,-<\/td>\n<td><\/td>\n<td><\/td>\n<\/tr>\n<\/tbody>\n<\/table>\n<div><\/div>\n<div style=\"text-align: center;\"><strong>Alle Massagen finden in 59469 Ense, Soester Str. 3 statt. <\/strong><\/div>\n<div style=\"text-align: center;\"><strong>Termine nur per WhatsApp\u00a0 unter 01575 3064684.<\/strong><\/div>\n<div><\/div>\n<div style=\"text-align: center;\">\u00a0<strong><strong>Auch Geschenkgutscheine, einfach Tel. auf Rechnung bestellen. <\/strong><\/strong><\/div>\n<div><\/div>\n<div style=\"text-align: center;\"><strong>Keine Hausbesuche !!<\/strong><\/div>\n<h2><\/h2>\n<h2><\/h2>\n<h2><strong>Wellness Massagen<\/strong>:<\/h2>\n<p><strong>Lomi Lomi Nui Massage &#8211; Die K\u00f6nigin der Wellness Massagen<\/strong><\/p>\n<p>Lomi bedeutet \u201edr\u00fccken, kneten &amp;\u00a0 reiben\u201c, aber auch \u201c mit den\u00a0 samtenen Pfoten einer zufriedenen Katze ber\u00fchren\u201c und bezeichnet eine Art der Massage, die jenes totales Wohlbefinden vermittelt.<\/p>\n<p><strong>Lymphdrainage\u00a0<\/strong><\/p>\n<p>Das Lymphsystem bildet ein eigenst\u00e4ndiges System innerhalb des K\u00f6rpers. Die Lymphgef\u00e4\u00dfe entspringen willk\u00fcrlich zwischen Haut und Muskulatur und m\u00fcnden in das ven\u00f6se System. Die Lymphgef\u00e4\u00dfe transportieren Lymphe, welche eine klare bis gelblich aussehende Fl\u00fcssigkeit ist. Sie transportiert Schlackenstoffe ab und dient der St\u00e4rkung &amp; Reinigung des Immunsystems. Durch sanfte Lymphgriffe kann der Lymphfluss angeregt werden. Zudem bewirken diese sanften rhythmischen Techniken ein starkes Entspannungsgef\u00fchl.<\/p>\n<p><strong>Bambusmassage<\/strong><\/p>\n<p>Mit unterschiedlichen Bambusst\u00e4ben rollt und klopft der Masseur mal fester mal sanfter \u00fcber den K\u00f6rper und l\u00f6st dabei Verspannungen. Diese fern\u00f6stliche Behandlung vermittelt ein herrliches Gef\u00fchl von Leichtigkeit und befreit von allt\u00e4glichem Stress.<\/p>\n<p><strong>Wellness Massage<\/strong><\/p>\n<p>Wellnessmassage mit klassischen Massagegriffen. Auch als Aroma Massage m\u00f6glich.<\/p>\n<p><strong>Ayurvedische Seidenhandschuhmassage<\/strong><\/p>\n<p>Die Seidenhandschuhmassage kommt urspr\u00fcnglich aus dem Ayurveda, hat jedoch inzwischen ihren eigenen Stellenwertunter den Wellnessmassagen. Die Trockenmassage hat eine straffende Wirkung, stimuliert das Lymph- und Bindegwebe und verbessert das Hautbild durch den Peeling Effekt der Rohseide.<\/p>\n<p><strong>Hot Stone Massage<\/strong><\/p>\n<p>Die Hot Stone-Massage beinhaltet die gezielte Auflage und spezielle Massagetechnik mit hei\u00dfen Steinen. Elemente der Meridianbehandlung und der klassischen Massage flie\u00dfen in die Behandlungsabfolgen ein. Die sehr beliebte Anwendung dient der Entspannung und der Verbesserung des Wohlbefindens und kann auch therapeutisch genutzt werden, um Beschwerden der Muskulatur zu beheben.<\/p>\n<p><strong>Mali Baha Massage <\/strong><\/p>\n<p>African Mali Baha bedeutet \u201cbrillanter Reichtum Afrikas\u201d und erinnert an die Sch\u00f6nheit und den Reichtum dieses Kontinentes. In speziellen Ritualen kann nach ihrem Glauben der Mensch von sch\u00e4dlichen Energien und anderen Einfl\u00fcssen gereinigt werden und so zu neuer Kraft und Gesundheit gelangen. Die Mali Baha Massage nimmt diesen Glauben auf und f\u00fchrt ein Reinigungsritual durch, dadurch erfolgt eine sehr tiefe Entspannung. Dies wird unterst\u00fctzt durch mehrere Massagehelfer aus Holz.<\/p>\n<p><strong>Klosterb\u00fcrstenmassage<\/strong><\/p>\n<p>Ein uraltes und ganz simples Mittel zur Erzeugung von negativen Klein-Ionen direkt auf der Haut und damit dem K\u00f6rper unmittelbar verf\u00fcgbar, sind die sogenannten Klosterb\u00fcrsten, welche Aufgrund der molekularen Struktur des sehr feinen Bronzedrahtes (eine Kupfer- Zinn- Legierung) erzeugt wird.<br \/>\nDie Massage regt au\u00dferdem das Immunsystem an und wirkt durch ihren durchblutungsf\u00f6rdernden Effekt unterst\u00fctzend bei der Regulierung von Kreislauf und Blutdruck.<\/p>\n<p><strong>Kr\u00e4uterstempelmassage<\/strong><\/p>\n<p>Die Kr\u00e4uterstempelmassage ist in asiatischen Gebieten eine traditionelle thermische Behandlungsform. Durch eine bestimmte Massagetechnik wird eine innere und \u00e4u\u00dfere Harmonie im K\u00f6rper erreicht.<\/p>\n<p><strong>Muschelmassage<\/strong><\/p>\n<p>Nach einer alten hawaiianischen Legende bek\u00e4mpften sich die Feuerg\u00f6ttin Pele und ihre Schwester, die Meeresg\u00f6ttin Namaka. Diese Sage ist Vorbild f\u00fcr die Polynesische Muschelmassage. Diese Massage vereint die Polynesier den Kontrast von Feuer und Wasser. In dieser Massage gibt\u2019s ein unvergleichbares Erlebnis zwischen k\u00fchlen Muscheln und hei\u00dfe Lavasteine.<\/p>\n<p><strong>Honigmassage<\/strong><\/p>\n<p>Die Honigmassage hat ihre Wurzeln in Tibet und Russland. Sie ist auch als Zupfmassage bekannt. Es gibt 2 Versionen, einmal mit Waldhonig als R\u00fcckenbehandlung\u00a0und einmal als Ganzk\u00f6rpermassage mit einer Honig Massagecreme.<\/p>\n<p><strong>Choocoa Massage<\/strong><\/p>\n<p>Unbedingt probieren sollten alle Schoko-Fans die neue \u201eChoocoa \u2013 Massage\u201c. Die Energetisch-Tiefenentspannungs-Massage beginnt mit einem auf K\u00f6rpertemperatur erw\u00e4rmten Gemisch aus Kakao und Mandel\u00f6l, welches\u00a0 mit einen Pinsel gut verteilt wird und mit leichter Massagebewegung stimuliert und die Inhaltsstoffe dieses hochwertigen, pflegenden Elixiers entfalten somit ihre volle Wirkung. Diese Harmonie-Behandlung stimuliert K\u00f6rper und Seele und das Geschmackserlebnis wirkt harmonisierend auf die Sinne.<\/p>\n","protected":false},"excerpt":{"rendered":"<p>Hier finden Sie unser breites Spektrum an Massagen, f\u00fcr ganzheitliche, k\u00f6rperliche Entspannung und Stressabbau vom Alltag. Preise f\u00fcr Selbstzahler, Privatrezepte Preise bitte unter Massage Praxis.\u00a0 Massage Art Zeit in Minuten Preis in Euro Extra Gesamtpreis in Euro *Wellness Massagen 60 75,- Klassische Massage 20 25,- \u00a060 min. \u00a0 \u00a0 \u00a0 \u00a0 \u00a0 \u00a0 \u00a0 \u00a0&hellip;<\/p>\n","protected":false},"author":1,"featured_media":205,"parent":0,"menu_order":0,"comment_status":"open","ping_status":"open","template":"","meta":[],"_links":{"self":[{"href":"http:\/\/schremmers-wellness-insel.de\/index.php?rest_route=\/wp\/v2\/pages\/45"}],"collection":[{"href":"http:\/\/schremmers-wellness-insel.de\/index.php?rest_route=\/wp\/v2\/pages"}],"about":[{"href":"http:\/\/schremmers-wellness-insel.de\/index.php?rest_route=\/wp\/v2\/types\/page"}],"author":[{"embeddable":true,"href":"http:\/\/schremmers-wellness-insel.de\/index.php?rest_route=\/wp\/v2\/users\/1"}],"replies":[{"embeddable":true,"href":"http:\/\/schremmers-wellness-insel.de\/index.php?rest_route=%2Fwp%2Fv2%2Fcomments&post=45"}],"version-history":[{"count":44,"href":"http:\/\/schremmers-wellness-insel.de\/index.php?rest_route=\/wp\/v2\/pages\/45\/revisions"}],"predecessor-version":[{"id":2215,"href":"http:\/\/schremmers-wellness-insel.de\/index.php?rest_route=\/wp\/v2\/pages\/45\/revisions\/2215"}],"wp:featuredmedia":[{"embeddable":true,"href":"http:\/\/schremmers-wellness-insel.de\/index.php?rest_route=\/"}],"wp:attachment":[{"href":"http:\/\/schremmers-wellness-insel.de\/index.php?rest_route=%2Fwp%2Fv2%2Fmedia&parent=45"}],"curies":[{"name":"wp","href":"https:\/\/api.w.org\/{rel}","templated":true}]}}