{"id":459,"date":"2012-04-06T15:43:34","date_gmt":"2012-04-06T13:43:34","guid":{"rendered":"http:\/\/schremmers-wellness-insel.de\/swi\/?page_id=459"},"modified":"2026-01-16T13:28:08","modified_gmt":"2026-01-16T12:28:08","slug":"fusreflex-fuszonenmassage","status":"publish","type":"page","link":"http:\/\/schremmers-wellness-insel.de\/?page_id=459","title":{"rendered":"Fu\u00dfreflex \/ Fu\u00dfzonenmassage (Therapie)"},"content":{"rendered":"<p>Die Behandlung der F\u00fc\u00dfe, die durch Druck an bestimmten Punkten (Reflexzonen) ausgef\u00fchrt wird, ist eine wirkungsvolle Methode zur Gesundheitsvorsorge. Die Zonen am Fu\u00df stehen mit den Organen eines Menschen in Zusammenhang und k\u00f6nnen durch die Reflexzonenmassage stimuliert werden und somit zur Gesundheit des Menschen beitragen. Die Reflexzonenmassage kann auch an den H\u00e4nden angewandt werden.<br \/>\nAn diesem Kurs kann jeder teilnehmen. Keine Vorkenntnisse erforderlich.<br \/>\nNach Abschluss dieses Kurses gibt es f\u00fcr jeden Teilnehmer ein Zertifikat. Jeder Teilnehmer soll am Ende des Lehrgangs eine Fu\u00dfzonenmassage\/Fu\u00dfreflezonenmassage selbst\u00e4ndig durchf\u00fchren k\u00f6nnen.<\/p>\n<h5 data-ft=\"{&quot;type&quot;:1,&quot;tn&quot;:&quot;K&quot;}\"><strong>Seminarinhalte:<\/strong><\/h5>\n<ul>\n<li style=\"list-style-type: none;\">\n<ul>\n<li>Theorie Massage<\/li>\n<li>Indikation\/Kontraindikationen<\/li>\n<li>Massagetechnik<\/li>\n<li>Reflexzonen<\/li>\n<li>Marketing<\/li>\n<\/ul>\n<\/li>\n<\/ul>\n<blockquote><p>Inkl. Skript &amp; Teilnahmebescheinigung bzw. Zertifikat<\/p>\n<p>Dozentin: Sabrina G\u00e4rtner &#8211; Heilpraktikerin<\/p>\n<p>Kosten: \u20ac 599,-<\/p>\n<p>Schulungsort:\u00a0Soester Str. 3\u00a0in 59469 Ense Sieveringen<\/p><\/blockquote>\n<p><strong>Termine:<\/strong><\/p>\n<p><a href=\"http:\/\/schremmers-wellness-insel.de\/?page_id=866\" target=\"_blank\" rel=\"nofollow noopener noreferrer\">http:\/\/schremmers-wellness-insel.de\/?page_id=866<\/a><\/p>\n","protected":false},"excerpt":{"rendered":"<p>Die Behandlung der F\u00fc\u00dfe, die durch Druck an bestimmten Punkten (Reflexzonen) ausgef\u00fchrt wird, ist eine wirkungsvolle Methode zur Gesundheitsvorsorge. Die Zonen am Fu\u00df stehen mit den Organen eines Menschen in Zusammenhang und k\u00f6nnen durch die Reflexzonenmassage stimuliert werden und somit zur Gesundheit des Menschen beitragen. Die Reflexzonenmassage kann auch an den H\u00e4nden angewandt werden. An&hellip;<\/p>\n","protected":false},"author":1,"featured_media":0,"parent":46,"menu_order":0,"comment_status":"closed","ping_status":"closed","template":"","meta":[],"_links":{"self":[{"href":"http:\/\/schremmers-wellness-insel.de\/index.php?rest_route=\/wp\/v2\/pages\/459"}],"collection":[{"href":"http:\/\/schremmers-wellness-insel.de\/index.php?rest_route=\/wp\/v2\/pages"}],"about":[{"href":"http:\/\/schremmers-wellness-insel.de\/index.php?rest_route=\/wp\/v2\/types\/page"}],"author":[{"embeddable":true,"href":"http:\/\/schremmers-wellness-insel.de\/index.php?rest_route=\/wp\/v2\/users\/1"}],"replies":[{"embeddable":true,"href":"http:\/\/schremmers-wellness-insel.de\/index.php?rest_route=%2Fwp%2Fv2%2Fcomments&post=459"}],"version-history":[{"count":28,"href":"http:\/\/schremmers-wellness-insel.de\/index.php?rest_route=\/wp\/v2\/pages\/459\/revisions"}],"predecessor-version":[{"id":2202,"href":"http:\/\/schremmers-wellness-insel.de\/index.php?rest_route=\/wp\/v2\/pages\/459\/revisions\/2202"}],"up":[{"embeddable":true,"href":"http:\/\/schremmers-wellness-insel.de\/index.php?rest_route=\/wp\/v2\/pages\/46"}],"wp:attachment":[{"href":"http:\/\/schremmers-wellness-insel.de\/index.php?rest_route=%2Fwp%2Fv2%2Fmedia&parent=459"}],"curies":[{"name":"wp","href":"https:\/\/api.w.org\/{rel}","templated":true}]}}