{"id":46,"date":"2012-03-07T19:44:45","date_gmt":"2012-03-07T19:44:45","guid":{"rendered":"http:\/\/jj-media.de\/schremmer\/?page_id=14"},"modified":"2020-05-05T17:26:35","modified_gmt":"2020-05-05T15:26:35","slug":"ausbildung","status":"publish","type":"page","link":"http:\/\/schremmers-wellness-insel.de\/?page_id=46","title":{"rendered":"Ausbildung"},"content":{"rendered":"<p><strong>Hier finden Sie Informationen zu unseren Ausbildungsangeboten.<\/strong><\/p>\n<p><strong>W\u00e4hlen sie aus den verf\u00fcgbaren Angeboten aus der Liste im rechten Navigationsbereich um weitere Informationen abzurufen.<\/strong><\/p>\n<blockquote><p><strong>Beachten Sie bitte folgenden Hinweis der f\u00fcr alle Kurse g\u00fcltig ist:<\/strong><\/p>\n<p><strong>In diesen Ausbildungen wird gelehrt wie eine Ganzk\u00f6rpermassage am gesunden Menschen ausgef\u00fchrt wird. Diese kann dann in versch. Einrichtungen wie z.B. Nagelstudios, Wellnesspraxen, Kosmetikstudios &amp; Physiotherapiepraxen ausge\u00fcbt werden, oder der erste Weg in die Selbst\u00e4ndigkeit. Jeder der sich f\u00fcr Massage interessiert darf teilnehmen (Alter ab. 18 Jahren). Die Rechnungen enthalten keine ausgewiesene Mehrwertsteuer, da wir als Kleinunternehmen laut \u00a7 19 UStG nicht dazu berechtigt sind.<\/strong><\/p>\n<p><strong>Diese Methoden dienen zur Entspannung, Vorbeugung und Aktivierung der Selbstheilungskr\u00e4fte und ersetzen nicht die T\u00e4tigkeit eines Arztes, Heilpraktikers oder Psychologen!<\/strong><\/p>\n<p><strong>Die Seminare werden in Kleingruppen von 2 -6 Personen angeboten, wodurch ein intensives &amp; praxisorientiertes Erlernen der Massagen gew\u00e4hrleistet wird.\u00a0 Alle Seminare auch als Online Seminar.<\/strong><\/p>\n<ul>\n<li><span style=\"text-decoration: underline;\"><strong>Hier sind auch einige Coachings und auch Abendseminare mit Beschreibung aufgef\u00fchrt. Freue mich auf Dich<\/strong><\/span>.<\/li>\n<\/ul>\n<\/blockquote>\n<p><strong><span style=\"color: #ff0000;\">Anmeldung\u00a0 unter WhatsApp, SMS oder E- Mail<\/span> (sieveringensven(at)web.de oder Tel. 01575-3064684)<\/strong><\/p>\n<h3><\/h3>\n","protected":false},"excerpt":{"rendered":"<p>Hier finden Sie Informationen zu unseren Ausbildungsangeboten. W\u00e4hlen sie aus den verf\u00fcgbaren Angeboten aus der Liste im rechten Navigationsbereich um weitere Informationen abzurufen. Beachten Sie bitte folgenden Hinweis der f\u00fcr alle Kurse g\u00fcltig ist: In diesen Ausbildungen wird gelehrt wie eine Ganzk\u00f6rpermassage am gesunden Menschen ausgef\u00fchrt wird. Diese kann dann in versch. Einrichtungen wie z.B.&hellip;<\/p>\n","protected":false},"author":1,"featured_media":217,"parent":0,"menu_order":0,"comment_status":"open","ping_status":"open","template":"","meta":[],"_links":{"self":[{"href":"http:\/\/schremmers-wellness-insel.de\/index.php?rest_route=\/wp\/v2\/pages\/46"}],"collection":[{"href":"http:\/\/schremmers-wellness-insel.de\/index.php?rest_route=\/wp\/v2\/pages"}],"about":[{"href":"http:\/\/schremmers-wellness-insel.de\/index.php?rest_route=\/wp\/v2\/types\/page"}],"author":[{"embeddable":true,"href":"http:\/\/schremmers-wellness-insel.de\/index.php?rest_route=\/wp\/v2\/users\/1"}],"replies":[{"embeddable":true,"href":"http:\/\/schremmers-wellness-insel.de\/index.php?rest_route=%2Fwp%2Fv2%2Fcomments&post=46"}],"version-history":[{"count":20,"href":"http:\/\/schremmers-wellness-insel.de\/index.php?rest_route=\/wp\/v2\/pages\/46\/revisions"}],"predecessor-version":[{"id":2159,"href":"http:\/\/schremmers-wellness-insel.de\/index.php?rest_route=\/wp\/v2\/pages\/46\/revisions\/2159"}],"wp:featuredmedia":[{"embeddable":true,"href":"http:\/\/schremmers-wellness-insel.de\/index.php?rest_route=\/"}],"wp:attachment":[{"href":"http:\/\/schremmers-wellness-insel.de\/index.php?rest_route=%2Fwp%2Fv2%2Fmedia&parent=46"}],"curies":[{"name":"wp","href":"https:\/\/api.w.org\/{rel}","templated":true}]}}