{"id":61,"date":"2012-03-12T14:37:20","date_gmt":"2012-03-12T13:37:20","guid":{"rendered":"http:\/\/jj-media.de\/schremmer\/?page_id=61"},"modified":"2012-04-04T10:26:55","modified_gmt":"2012-04-04T08:26:55","slug":"agb","status":"publish","type":"page","link":"http:\/\/schremmers-wellness-insel.de\/?page_id=61","title":{"rendered":"AGB"},"content":{"rendered":"<p><strong>Allgemeine Gesch\u00e4ftsbedingungen (AGB) f\u00fcr Seminare, Workshops und Coachings<br \/>\nvon SWI &#8211; Soest \/ Ausbildung\/Massage\/Coaching<\/strong><\/p>\n<p><strong>Vorbemerkungen<\/strong><\/p>\n<p>Die hier aufgef\u00fchrten allgemeinen Gesch\u00e4ftsbedingungen sind Bestandteil aller Vertr\u00e4ge zwischen den Teilnehmern an unseren Seminaren, Workshops und Coachings (im folgenden \u201eKunde\u201c genannt) und SWI &#8211; Soest \u2013 vertreten durch Sven Schremmer, Soester Str. 3, 59469 Ense. Anderslautende Gesch\u00e4ftsbedingungen des Kunden haben keine G\u00fcltigkeit. M\u00fcndliche Zusagen und Nebenabreden bed\u00fcrfen der schriftlichen Best\u00e4tigung von SWI &#8211; Soest.<\/p>\n<p><strong>\u00a71 Anmeldung und Bezahlung<\/strong><\/p>\n<p>Eine Anmeldung zu einem Seminar, Workshop oder Coaching ist per Buchungsformular, Email oder telefonisch m\u00f6glich. Der Kunde erh\u00e4lt von uns umgehend eine Anmeldebest\u00e4tigung per E-Mail oder per Post (Zeitpunkt des Vertragsabschlusses).<br \/>\nDa die Teilnehmerzahl f\u00fcr unsere Seminare und Workshops begrenzt ist, ber\u00fccksichtigen wir die Anmeldungen in der Reihenfolge des Eingangs.<br \/>\nDie H\u00f6he der Verg\u00fctung richtet sich nach den jeweils g\u00fcltigen Preisen im Anmeldeformular und ist auf das in der Rechnung angegebene Konto zu \u00fcberweisen. Der Platz im Seminar wird mit Eingang des Geldes auf dem Konto reserviert. Die Teilnahme an einer Veranstaltung von SWI &#8211; Soest setzt eine vollst\u00e4ndige Bezahlung der Verg\u00fctung vor Beginn des Seminars, Workshops oder Coachings voraus, es sei denn, SWI &#8211; Soest hat mit dem Kunden eine anderslautende schriftliche Vereinbarung getroffen.<br \/>\nSWI &#8211; Soest beh\u00e4lt sich das Recht vor, Anmeldungen ohne Angabe von Gr\u00fcnden abzulehnen. Bei entsprechender Qualifikation erh\u00e4lt der Kunde am Ende eines Seminars eine Teilnahmebest\u00e4tigung von SWI &#8211; Soest.<\/p>\n<p><strong>\u00a72 Widerrufsbelehrung<\/strong><\/p>\n<p>Widerrufsrecht:<br \/>\nDer Kunde kann seine Vertragserkl\u00e4rung innerhalb von 14 Tagen ohne Angabe von Gr\u00fcnden in Textform (z. B. Brief, E-Mail) widerrufen. Die Frist beginnt nach Erhalt dieser Belehrung in Textform, jedoch nicht vor Vertragsschluss und auch nicht vor Erf\u00fcllung unserer Informationspflichten gem\u00e4\u00df Artikel 246 \u00a7 2 in Verbindung mit \u00a7 1 Abs. 1 und 2 EGBGB sowie unserer Pflichten gem\u00e4\u00df \u00a7 312e Abs. 1 Satz 1 BGB in Verbindung mit Artikel 246 \u00a7 3 EGBGB. Zur Wahrung der Widerrufsfrist gen\u00fcgt die rechtzeitige Absendung des Widerrufs. Der Widerruf ist zu richten an: SWI \u2013 Soest, Sven Schremmer, Soester Str. 3, 59469 Ense<\/p>\n<p>Widerrufsfolgen:<br \/>\nIm Falle eines wirksamen Widerrufs sind die beiderseits empfangenen Leistungen zur\u00fcckzugew\u00e4hren und ggf. gezogene Nutzungen (z. B. Zinsen) herauszugeben. Kann der Kunde uns die empfangene Leistung ganz oder teilweise nicht oder nur in verschlechtertem Zustand zur\u00fcckgew\u00e4hren, muss er uns insoweit ggf. Wertersatz leisten. Dies kann dazu f\u00fchren, dass er die vertraglichen Zahlungsverpflichtungen f\u00fcr den Zeitraum bis zum Widerruf gleichwohl erf\u00fcllen m\u00fcssen. Verpflichtungen zur Erstattung von Zahlungen m\u00fcssen innerhalb von 30 Tagen erf\u00fcllt werden. Die Frist beginnt f\u00fcr Sie mit der Absendung Ihrer Widerrufserkl\u00e4rung, f\u00fcr uns mit deren Empfang.<br \/>\nBesondere Hinweise<br \/>\nDas Widerrufsrecht erlischt vorzeitig, wenn der Vertrag von beiden Seiten auf Ihren ausdr\u00fccklichen Wunsch vollst\u00e4ndig erf\u00fcllt ist, bevor der Kunde sein Widerrufsrecht ausge\u00fcbt hat.<\/p>\n<p><strong>\u00a73 Stornierung<\/strong><\/p>\n<p>Eine Stornierung eines Seminars, Workshops oder Coachings aus wichtigen Gr\u00fcnden ist bis 30 Tage vor Veranstaltungsbeginn kostenfrei m\u00f6glich, sofern diese schriftlich (z.B. per Mail oder Post) bei SWI &#8211; Soest eingegangen ist. Geht die schriftliche Abmeldung nach diesem Zeitpunkt ein, so ist die volle Seminargeb\u00fchr f\u00e4llig. Es steht dem Kunden frei, einen Ersatzteilnehmer zu entsenden, sofern dieser die Voraussetzung zur Zulassung des entsprechenden Seminars erf\u00fcllt<br \/>\nSWI &#8211; Soest beh\u00e4lt sich vor, eine Veranstaltungsteilnahme vor oder w\u00e4hrend einer laufenden Veranstaltung ohne Nennung von Gr\u00fcnden abzulehnen. Bei schwerwiegendem Grund, z. B. St\u00f6rung des Seminarklimas o. \u00e4 wird die volle Seminargeb\u00fchr f\u00e4llig. Ansonsten werden lediglich bereits erhaltene Leistungen (ggf. anteilig) in Rechnung gestellt.<br \/>\nSWI &#8211; Soest ist berechtigt, eine Veranstaltung aus wichtigen Gr\u00fcnden abzusagen. Als wichtige Gr\u00fcnde gelten insbesondere eine zu geringe Teilnehmerzahl oder die Verhinderung eines Dozenten wegen Krankheit. Auch kann SWI &#8211; Soest vom Vertrag zur\u00fccktreten, wenn Veranstaltungsr\u00e4ume, welche SWI \u2013 Soest von Dritten f\u00fcr die Veranstaltungsdurchf\u00fchrung zur Verf\u00fcgung gestellt wurden, aus Gr\u00fcnden, die nicht im Einfluss von SWI \u2013 Soest liegen, nicht mehr zur Verf\u00fcgung stehen und rechtzeitig keine ad\u00e4quaten R\u00e4umlichkeiten angemietet werden k\u00f6nnen. Sofern SWI \u2013 Soest den Ausfall einer Veranstaltung zu vertreten hat, erfolgt die Erstattung der Veranstaltungsgeb\u00fchr. SWI \u2013 Soest ist berechtigt, mit dem Kunden im gegenseitigen Einverst\u00e4ndnis einen Alternativtermin zu vereinbaren. Auf weitergehende Anspr\u00fcche gegen\u00fcber von SWI &#8211; Soest wird vom Teilnehmer ausdr\u00fccklich verzichtet.<\/p>\n<p><strong>\u00a74 Pflichten des Kunden<\/strong><\/p>\n<p>Der Kunde versichert SWI &#8211; Soest dass seine Angaben wahrheitsgem\u00e4\u00df sind und ist somit f\u00fcr die Richtigkeit seiner Daten verantwortlich.<br \/>\nAlle Veranstaltungen von SWI &#8211; Soest werden von qualifizierten und ausgebildeten Dozenten durchgef\u00fchrt. Die Seminare k\u00f6nnen und sollen jedoch weder eine psychotherapeutische oder \u00e4rztliche Behandlung ersetzen. Der Kunde hat vor Beginn sicher zu stellen, dass er geistig und k\u00f6rperlich gesund und belastbar ist. Jeder Kunde tr\u00e4gt w\u00e4hrend einer Veranstaltung von SWI &#8211; Soest die volle Verantwortung f\u00fcr sich und seine Handlungen und kommt f\u00fcr verursachte Sch\u00e4den selber auf. Nimmt der Kunde an einem Seminar teil, f\u00fcr das eine Zertifizierung angeboten wird, so obliegt es SWI &#8211; Soest zu entscheiden, ob der Kunde die Voraussetzungen erf\u00fcllt, das Zertifikat zu erhalten.<br \/>\nF\u00fcr Unterkunft und Verpflegung w\u00e4hrend einer Veranstaltung ist der Kunde selbst zust\u00e4ndig.<br \/>\nAlle Seminarunterlagen, Pr\u00e4sentationen, Audio-CDs, Inhalte der Webseite etc. die dem Kunden durch SWI &#8211; Soest zur Verf\u00fcgung gestellt werden sind, beinhalten das Copyright von SWI &#8211; Soest und d\u00fcrfen nicht ohne ausdr\u00fcckliche und schriftliche Genehmigung, auch nicht auszugsweise, in irgendeiner Form ver\u00f6ffentlicht, vervielf\u00e4ltigt oder f\u00fcr eigene Zwecke verwendet werden.<br \/>\nEine Video- oder Tonaufzeichnung der Veranstaltung ist nicht gestattet. Das Fotografieren innerhalb einer Veranstaltung ist nur nach erteilter Erlaubnis durch die SWI &#8211; Soest gestattet. Private Fotos d\u00fcrfen gemacht werden, sofern dies den Ablauf und das Klima einer Veranstaltung nicht st\u00f6rt.<\/p>\n<p><strong>\u00a75 Verschwiegenheitserkl\u00e4rung<\/strong><\/p>\n<p>SWI &#8211; Soest ist dem Kunden zur v\u00f6lligen Verschwiegenheit verpflichtet. Diese Verschwiegenheit umfasst s\u00e4mtliche Inhalte der Ausbildungsleistungen, insbesondere s\u00e4mtliche Informationen, welche die SWI &#8211; Soest \u00fcber die Person des Kunden und sein privates und\/oder berufliches bzw. gesch\u00e4ftliches Umfeld erhalten hat sowie insbesondere s\u00e4mtliche dem Kunden im Zuge des Seminars bekannt gewordenen Gesch\u00e4fts- und\/oder Betriebsgeheimnisse. Diese Verpflichtung besteht \u00fcber die Vertragslaufzeit hinaus und erlischt nur insoweit, wie der Kunde seine ausdr\u00fcckliche Zustimmung hierzu erteilt hat.<\/p>\n<p><strong>\u00a76 Einsatz von Medien<\/strong><\/p>\n<p>F\u00fcr die Dauer der Veranstaltung gestattet der Kunde SWI &#8211; Soest oder von dieser beauftragten Personen die Aufnahme von Audio- und Videoaufnahmen, sowie Fotos zum Zwecke der Ausbildungsbelegung, Ver\u00f6ffentlichung und dar\u00fcber hinaus zum Zwecke der Werbung f\u00fcr \u00e4hnliche oder gleiche Veranstaltungen. Ein Anspruch auf etwaige Zahlungen besteht grunds\u00e4tzlich nicht. Der Kunde hat das Recht, dieser Genehmigung im Voraus zu widersprechen, ein nachtr\u00e4glicher Widerspruch ist nicht m\u00f6glich.<\/p>\n<p><strong>\u00a77 Haftungsausschluss<\/strong><\/p>\n<p>Die Teilnahme des Kunden an einer Veranstaltung von SWI &#8211; Soest erfolgt auf eigenes Risiko. SWI &#8211; Soest haftet nicht f\u00fcr Sch\u00e4den jeglicher Art, sofern die Haftung nicht auf einer grob fahrl\u00e4ssigen oder vors\u00e4tzlichen Pflichtverletzung des Seminarleiters beruht.<\/p>\n<p><strong>\u00a78 Sonstiges<\/strong><\/p>\n<p>\u00dcber diese allgemeinen Gesch\u00e4ftsbedingungen hinaus gehende Vereinbarungen bed\u00fcrfen der Schriftform. Sollten einzelne Vereinbarungen oder Bestandteile dieser AGB unwirksam sein, so betrifft dies nicht die Wirksamkeit der \u00fcbrigen allgemeinen Gesch\u00e4ftsbedingungen.<\/p>\n","protected":false},"excerpt":{"rendered":"<p>Allgemeine Gesch\u00e4ftsbedingungen (AGB) f\u00fcr Seminare, Workshops und Coachings von SWI &#8211; Soest \/ Ausbildung\/Massage\/Coaching Vorbemerkungen Die hier aufgef\u00fchrten allgemeinen Gesch\u00e4ftsbedingungen sind Bestandteil aller Vertr\u00e4ge zwischen den Teilnehmern an unseren Seminaren, Workshops und Coachings (im folgenden \u201eKunde\u201c genannt) und SWI &#8211; Soest \u2013 vertreten durch Sven Schremmer, Soester Str. 3, 59469 Ense. Anderslautende Gesch\u00e4ftsbedingungen des Kunden&hellip;<\/p>\n","protected":false},"author":1,"featured_media":0,"parent":18,"menu_order":0,"comment_status":"open","ping_status":"closed","template":"","meta":[],"_links":{"self":[{"href":"http:\/\/schremmers-wellness-insel.de\/index.php?rest_route=\/wp\/v2\/pages\/61"}],"collection":[{"href":"http:\/\/schremmers-wellness-insel.de\/index.php?rest_route=\/wp\/v2\/pages"}],"about":[{"href":"http:\/\/schremmers-wellness-insel.de\/index.php?rest_route=\/wp\/v2\/types\/page"}],"author":[{"embeddable":true,"href":"http:\/\/schremmers-wellness-insel.de\/index.php?rest_route=\/wp\/v2\/users\/1"}],"replies":[{"embeddable":true,"href":"http:\/\/schremmers-wellness-insel.de\/index.php?rest_route=%2Fwp%2Fv2%2Fcomments&post=61"}],"version-history":[{"count":1,"href":"http:\/\/schremmers-wellness-insel.de\/index.php?rest_route=\/wp\/v2\/pages\/61\/revisions"}],"predecessor-version":[{"id":246,"href":"http:\/\/schremmers-wellness-insel.de\/index.php?rest_route=\/wp\/v2\/pages\/61\/revisions\/246"}],"up":[{"embeddable":true,"href":"http:\/\/schremmers-wellness-insel.de\/index.php?rest_route=\/wp\/v2\/pages\/18"}],"wp:attachment":[{"href":"http:\/\/schremmers-wellness-insel.de\/index.php?rest_route=%2Fwp%2Fv2%2Fmedia&parent=61"}],"curies":[{"name":"wp","href":"https:\/\/api.w.org\/{rel}","templated":true}]}}