{"id":8,"date":"2012-03-07T19:42:22","date_gmt":"2012-03-07T19:42:22","guid":{"rendered":"http:\/\/jj-media.de\/schremmer\/?page_id=8"},"modified":"2021-03-23T10:33:59","modified_gmt":"2021-03-23T09:33:59","slug":"seele","status":"publish","type":"page","link":"http:\/\/schremmers-wellness-insel.de\/?page_id=8","title":{"rendered":"Coaching"},"content":{"rendered":"<p>Hier finden Sie\u00a0Kurse aus den Bereichen Sport, Hypnose, Entspannung\u00a0und R\u00fcckf\u00fchrung. Bei diesen Techniken handelt es sich um eine Coaching Vereinbarung nach \u00a7611 BGB. Bei dieser Vereinbarung handelt es sich um eine Dienstleistung nach \u00a7611 BGB. Es handelt sich bei diesen Techniken um eine beratene T\u00e4tigkeit au\u00dferhalb der Heilkunde. Die Sitzungen dienen zur Aktivierung der Selbstheilungskr\u00e4fte und ersetzen keinen Arzt oder Heilpraktiker. Es ist Lebensberatung bzw. Entspannungstraining.<\/p>\n<h1><span style=\"color: #ff6600;\"><strong>Meditation &amp; Entspannungsabend:<\/strong><\/span><\/h1>\n<blockquote>\n<ul>\n<li>Autogenes Training\u00a0&amp; Phantasiereisen<\/li>\n<li>Erholung Pur!<\/li>\n<li>Jetzt anmelden!<strong>\u00a0<\/strong><\/li>\n<li>Start immer m\u00f6glich<\/li>\n<li>infos direkt bei mir<\/li>\n<\/ul>\n<\/blockquote>\n<h1><\/h1>\n<h1><strong><span style=\"color: #ff6600;\">Wohlf\u00fchlabend: Jetzt bin ICH dran.<\/span><\/strong><\/h1>\n<p>Jetzt bist Du dran. Neue Leute, Programm mit viel Spa\u00df, gute Laune &amp; f\u00fcr das leibliche Wohl ist auch gesorgt.<\/p>\n<ul>\n<li>Phantasiereise<\/li>\n<li>Entspannung<\/li>\n<li>Neue Wege gehen<\/li>\n<li>loslassen<\/li>\n<li>\u00dcberraschung<\/li>\n<\/ul>\n<p><a href=\"http:\/\/schremmers-wellness-insel.de\/?page_id=866\" target=\"_blank\" rel=\"nofollow noopener noreferrer\">Termine: http:\/\/schremmers-wellness-insel.de\/?page_id=866<\/a><\/p>\n<blockquote><p>Hinweise: bitte bequeme Kleidung, Kissen &amp; Decke mitbringen.<\/p>\n<p>Seminarort: Soester Str. 3, 59469 Ense Sieveringen<\/p><\/blockquote>\n<p><strong>\u00a0<\/strong><\/p>\n<h1>\u00a0<span style=\"color: #ff6600;\"><strong>Coaching Gewichtsreduktion:<\/strong><\/span><\/h1>\n<p>In diesem Coaching ziehen wir alle Register. Es werden versch. Elemente aus der kognitiven Verhaltenstherapie und dem Neurolinguistischem Programmieren in dieser Seminar Reihe verwendet.\u00a0 Das hei\u00dft K\u00f6rper &#8211; Geist und Seele werden positiv gecoacht. Schlu\u00df mit Di\u00e4ten &#8211; ich m\u00f6chte mein Leben \u00e4ndern und mich Sexy f\u00fchlen. Hier wird Coaching &#8211; Bewegung &#8211; Ern\u00e4hrung in einem Seminar zusammengef\u00fchrt.<\/p>\n<blockquote>\n<ul>\n<li>10 Stunden Seminar 1x pro Woche<\/li>\n<li>Mit Spa\u00df zum Erfolg<\/li>\n<li>Wir\u00a0packen das Problem direkt an der Wurzel<\/li>\n<li>Besser als die n\u00e4chste Di\u00e4t<\/li>\n<li>unschlagbar im Preis &#8211; <strong>nur 499,-<\/strong><\/li>\n<li><strong>\u00a0Start auf Anfrage<\/strong><\/li>\n<\/ul>\n<\/blockquote>\n<p style=\"text-align: left;\">\n<h1><span style=\"color: #ff6600;\"><strong>Walking &amp; Nordic Walking Kurs:<\/strong><\/span><\/h1>\n<blockquote>\n<ul>\n<li>wie mache ich es Richtig<\/li>\n<li>Entspannung &amp; Spa\u00df beim laufen<\/li>\n<li>Jetzt anmelden!<\/li>\n<li>auf Anfrage<\/li>\n<\/ul>\n<\/blockquote>\n<h1><\/h1>\n<h1><span style=\"color: #ff6600;\"><strong>Vom Walken zum Joggen:<\/strong><\/span><\/h1>\n<blockquote>\n<ul>\n<li>wie mache ich es Richtig<\/li>\n<li>Entspannung &amp; Spa\u00df beim laufen<\/li>\n<li>Jetzt anmelden!<\/li>\n<li>auf Anfrage<\/li>\n<\/ul>\n<\/blockquote>\n<h1><span style=\"color: #ff6600;\">\u00a0<\/span><\/h1>\n<h1><span style=\"color: #ff6600;\">Partnermassagekurs:<\/span><\/h1>\n<p><strong>Dieser Kurs ist\u00a0 nur f\u00fcr Paare oder sehr gute Freunde, um sich gegenseitig verw\u00f6hnen zu k\u00f6nnen. <\/strong><strong>Partnermassage immer beliebter, auch als Geschenk zu Weihnachten\/Valentienstag usw.\u00a0oder auch f\u00fcr zwischendurch.<\/strong><\/p>\n<p><strong>Seminarinhalt:<\/strong><\/p>\n<ol>\n<li>Massagetechniken<\/li>\n<li>Wellness Massage<\/li>\n<li>versch. M\u00f6glichkeiten (z.B. Federmassage)<\/li>\n<li>Equipment<\/li>\n<\/ol>\n<blockquote><p>Hinweise:<\/p>\n<p>Seminarort: Soester Str. 3, 59469 Ense Sieveringen<\/p>\n<p>Kosten:\u00a0 <strong>\u20ac 199,-\u00a0pro Paar !!<\/strong><\/p>\n<p><strong>Termine: <\/strong><a href=\"http:\/\/schremmers-wellness-insel.de\/?page_id=866\" target=\"_blank\" rel=\"nofollow noopener noreferrer\">http:\/\/schremmers-wellness-insel.de\/?page_id=866<\/a><\/p><\/blockquote>\n<h1><\/h1>\n<h1><span style=\"color: #ff6600;\"><strong>Gruppenr\u00fcckf\u00fchrungen nach Dr. Jan Erik Sigdell<\/strong><\/span><\/h1>\n<blockquote>\n<ul>\n<li style=\"list-style-type: none;\">\n<ul>\n<li>Es handelt sich nicht um eine Hypnose &#8211; R\u00fcckf\u00fchrung im Nichthypnotischen Zustand<\/li>\n<li>Erlebnis in einem vergangenem Leben &#8211; Verkn\u00fcpfte Probleme in diesem Leben<\/li>\n<li>Erkenntnis der Verkn\u00fcpfung von Ursachen aus vergangenen Leben und damit Losl\u00f6sung von Auswirkungen in diesem Leben<\/li>\n<li>Die Auss\u00f6hnung mit Seelen, die uns in vergangenen Leben durch ihr Handeln &#8222;geschadet&#8220; haben oder denen wir durch unser Handeln &#8222;geschadet&#8220; haben.<\/li>\n<li>Innere, liebevolle Vers\u00f6hnung mit uns selbst.<\/li>\n<li>Es lassen sich erstaunliche Ergebnisse erzielen, weil diese Art der R\u00fcckf\u00fchrung auf unbewusster Ebene stattfindet und auch dort ihre Wirkung enfalten kann.<\/li>\n<li>Maximal 10 Teilnehmer<\/li>\n<li><span style=\"text-decoration: underline;\"><strong>Einzelsitzung R\u00fcckf\u00fchrung \u20ac 60,- pro angefangene Stunde. Dauer 2-5 Stunden ( Aufteilung auf 2 Termine m\u00f6glich )<\/strong><\/span><\/li>\n<li>Zur Zeit nicht m\u00f6glich !!!<\/li>\n<\/ul>\n<\/li>\n<\/ul>\n<\/blockquote>\n<h2><span style=\"color: #ff6600;\"><strong>R\u00fcckf\u00fchrung Teil 1: Habe ich schon mal gelebt?<\/strong><\/span><\/h2>\n<p>Termine: <a href=\"http:\/\/schremmers-wellness-insel.de\/?page_id=866\" target=\"_blank\" rel=\"nofollow noopener noreferrer\">http:\/\/schremmers-wellness-insel.de\/?page_id=866<\/a><\/p>\n<h2><span style=\"color: #ff6600;\"><strong>R\u00fcckf\u00fchrung Teil 2: Selbstheilungskr\u00e4fte &#8211; Wie erwecke ich meinen inneren Arzt?<\/strong><\/span><\/h2>\n<ul>\n<li>\u00a0<strong>Termine unter: \u00a0Seminare\/Termine auf einen Blick oder individuell einen Termin mit mir ausmachen.<\/strong><\/li>\n<li><strong>Kosten: nur \u20ac 80,- pro Teilnehmer<\/strong><\/li>\n<li>Termine: <a href=\"http:\/\/schremmers-wellness-insel.de\/?page_id=866\" target=\"_blank\" rel=\"nofollow noopener noreferrer\">http:\/\/schremmers-wellness-insel.de\/?page_id=866<\/a><\/li>\n<\/ul>\n<h1>\u00a0<span style=\"color: #ff6600;\"><strong>Coaching Raucherentw\u00f6hnung:<\/strong><\/span><\/h1>\n<p>Um Ihnen das Rauchen abzugew\u00f6hnen, ziehen wir alle Register. In diesem Seminar nutzen wir Elemente aus der kognitiven Verhaltenstherapie und dem Neurolinguistischem Programmieren um Sie auf die darauf folgende Hypnose optimal vorzubereiten. Das Seminar besteht aus einer kurzen Zusammenfassung \u00fcber das Rauchen, \u00fcber die gesundheitlichen, sozialen und finanziellen Folgen.<\/p>\n<blockquote>\n<ul>\n<li>Gruppenhypnose max. 10 Teilnehmer<\/li>\n<li>Erfolgschancen liegen bei diesem Konzept bei 88 %<\/li>\n<li>Hypnose packt das Problem direkt an der Wurzel<\/li>\n<li>Hypnose ist g\u00fcnstiger als andere Methoden<\/li>\n<li>unschlagbar im Preis &#8211; <strong>nur \u20ac 150,-<\/strong><\/li>\n<li><strong>oder machen Sie mit mir einfach einen Termin aus, dabei gilt ab 3 Teilnehmer \u20ac 200,- pro Person oder 1-2 Personen \u20ac 250,- pro Person.<\/strong><\/li>\n<\/ul>\n<\/blockquote>\n","protected":false},"excerpt":{"rendered":"<p>Hier finden Sie\u00a0Kurse aus den Bereichen Sport, Hypnose, Entspannung\u00a0und R\u00fcckf\u00fchrung. Bei diesen Techniken handelt es sich um eine Coaching Vereinbarung nach \u00a7611 BGB. Bei dieser Vereinbarung handelt es sich um eine Dienstleistung nach \u00a7611 BGB. Es handelt sich bei diesen Techniken um eine beratene T\u00e4tigkeit au\u00dferhalb der Heilkunde. Die Sitzungen dienen zur Aktivierung der Selbstheilungskr\u00e4fte&hellip;<\/p>\n","protected":false},"author":1,"featured_media":219,"parent":0,"menu_order":0,"comment_status":"open","ping_status":"open","template":"","meta":[],"_links":{"self":[{"href":"http:\/\/schremmers-wellness-insel.de\/index.php?rest_route=\/wp\/v2\/pages\/8"}],"collection":[{"href":"http:\/\/schremmers-wellness-insel.de\/index.php?rest_route=\/wp\/v2\/pages"}],"about":[{"href":"http:\/\/schremmers-wellness-insel.de\/index.php?rest_route=\/wp\/v2\/types\/page"}],"author":[{"embeddable":true,"href":"http:\/\/schremmers-wellness-insel.de\/index.php?rest_route=\/wp\/v2\/users\/1"}],"replies":[{"embeddable":true,"href":"http:\/\/schremmers-wellness-insel.de\/index.php?rest_route=%2Fwp%2Fv2%2Fcomments&post=8"}],"version-history":[{"count":68,"href":"http:\/\/schremmers-wellness-insel.de\/index.php?rest_route=\/wp\/v2\/pages\/8\/revisions"}],"predecessor-version":[{"id":2182,"href":"http:\/\/schremmers-wellness-insel.de\/index.php?rest_route=\/wp\/v2\/pages\/8\/revisions\/2182"}],"wp:featuredmedia":[{"embeddable":true,"href":"http:\/\/schremmers-wellness-insel.de\/index.php?rest_route=\/"}],"wp:attachment":[{"href":"http:\/\/schremmers-wellness-insel.de\/index.php?rest_route=%2Fwp%2Fv2%2Fmedia&parent=8"}],"curies":[{"name":"wp","href":"https:\/\/api.w.org\/{rel}","templated":true}]}}